{"id":1988,"date":"2021-09-24T19:37:05","date_gmt":"2021-09-24T19:37:05","guid":{"rendered":"https:\/\/apartments.weorizon.com\/?page_id=1988"},"modified":"2022-06-03T14:53:40","modified_gmt":"2022-06-03T14:53:40","slug":"termini-e-condizioni","status":"publish","type":"page","link":"https:\/\/apartments.weorizon.com\/it\/termini-e-condizioni\/","title":{"rendered":"Termini e Condizioni"},"content":{"rendered":"\n<p>Si prega di leggere attentamente questi termini e condizioni prima di utilizzare il nostro servizio.<\/p>\n\n\n\n<h2 class=\"wp-block-heading\">Interpretazione e definizioni<\/h2>\n\n\n\n<h3 class=\"wp-block-heading\">Interpretazione<\/h3>\n\n\n\n<p>Le parole la cui lettera iniziale \u00e8 maiuscola hanno significati definiti alle seguenti condizioni. Le seguenti definizioni avranno lo stesso significato indipendentemente dal fatto che appaiano al singolare o al plurale.<\/p>\n\n\n\n<h3 class=\"wp-block-heading\">Definizioni<\/h3>\n\n\n\n<p>Ai fini dei presenti Termini e condizioni:<\/p>\n\n\n\n<ul class=\"wp-block-list\"><li><strong>Affiliata<\/strong> indica un&#8217;entit\u00e0 che controlla, \u00e8 controllata da o \u00e8 sottoposta a comune controllo con una parte, dove &#8220;controllo&#8221; indica la propriet\u00e0 del 50% o pi\u00f9 delle azioni, della partecipazione o altri titoli aventi diritto al voto per l&#8217;elezione di amministratori o altra autorit\u00e0 di gestione.<\/li><li><strong>Paese<\/strong> si riferisce a: Italia<\/li><li><strong>Societ\u00e0<\/strong> (di cui con &#8220;la Societ\u00e0&#8221;, &#8220;Noi&#8221;, &#8220;Ci&#8221; o &#8220;Nostro&#8221; nel presente Contratto) si riferisce a Weorizon, Via manno della branca 5, Padova (PD), 35124.<\/li><li><strong> Dispositivo<\/strong> indica qualsiasi dispositivo in grado di accedere al Servizio come un computer, un telefono cellulare o un tablet digitale.<\/li><li><strong>I beni<\/strong> si riferiscono agli articoli offerti in vendita sul Servizio .<\/li><li><strong>Ordini<\/strong> indica una richiesta da parte tua di acquistare beni da noi.<\/li><li><strong>Servizio<\/strong> si riferisce al sito web.&lt;\/li &gt;<\/li><li><strong>Termini e condizioni<\/strong> (indicati anche come &#8220;Termini&#8221;) indicano i presenti Termini e condizioni che costituiscono l&#8217;intero accordo ement tra l&#8217;utente e la Societ\u00e0 in merito all&#8217;utilizzo del Servizio.<\/li><li><strong>Servizio di social media di terze parti<\/strong> indica qualsiasi servizio o contenuto (inclusi dati, informazioni, prodotti o servizi) fornito da una terza parte che pu\u00f2 essere visualizzata, inclusa o resa disponibile dal Servizio.<\/li><li><strong>Sito web<\/strong> si riferisce ad Apartments.Weorizon, accessibile da <a href=\"apartments.weorizon.com \/\" target=\"_blank\" rel=\"noreferrer noopener\">apartments.weorizon.com\/<\/a><\/li><li><strong>Tu<\/strong> indica la persona che accede o utilizza il Servizio, o il societ\u00e0 o altra entit\u00e0 legale per conto della quale tale persona accede o utilizza il Servizio, a seconda dei casi.<\/li><\/ul>\n\n\n\n<h3 class=\"wp-block-heading\">Riconoscimenti<\/h3>\n\n\n\n<p>Questi sono i Termini e le Condizioni che regolano l&#8217;uso di questo Servizio e l&#8217;accordo che opera tra l&#8217;Utente e la Societ\u00e0. I presenti Termini e condizioni stabiliscono i diritti e gli obblighi di tutti gli utenti in merito all&#8217;utilizzo del Servizio.<\/p>\n\n\n\n<p>L&#8217;accesso e l&#8217;utilizzo del Servizio sono subordinati all&#8217;accettazione e al rispetto dei presenti Termini e condizioni. I presenti Termini e condizioni si applicano a tutti i visitatori, utenti e altri che accedono o utilizzano il Servizio.<\/p>\n\n\n\n<p>Accedendo o utilizzando il Servizio, accetti di essere vincolato da questi Termini e Condizioni. Se non sei d&#8217;accordo con qualsiasi parte di questi Termini e Condizioni, non puoi accedere al Servizio.<\/p>\n\n\n\n<p>Dichiari di avere pi\u00f9 di 18 anni. La Societ\u00e0 non consente ai minori di 18 anni di utilizzare il Servizio.<\/p>\n\n\n\n<p>L&#8217;accesso e l&#8217;utilizzo del Servizio da parte dell&#8217;utente sono inoltre condizionati all&#8217;accettazione e al rispetto dell&#8217;Informativa sulla privacy della Societ\u00e0. La nostra Informativa sulla privacy descrive le nostre politiche e procedure sulla raccolta, l&#8217;uso e la divulgazione delle tue informazioni personali quando utilizzi l&#8217;Applicazione o il sito Web e ti informa sui tuoi diritti alla privacy e su come la legge ti protegge. Si prega di leggere attentamente la nostra Informativa sulla privacy prima di utilizzare il nostro servizio.<\/p>\n\n\n\n<h3 class=\"wp-block-heading\">Effettuare ordini di merci<\/h3>\n\n\n\n<p>Effettuando un Ordine di Merci tramite il Servizio, garantisci di essere legalmente in grado di stipulare contratti vincolanti.<\/p>\n\n\n\n<h3 class=\"wp-block-heading\">Le tue informazioni<\/h3>\n\n\n\n<p>Se desideri effettuare un Ordine per Merci disponibili sul Servizio, ti potrebbe essere chiesto di fornire alcune informazioni relative al tuo Ordine, inclusi, senza limitazioni, il tuo nome, la tua email, il tuo numero di telefono, il numero della tua carta di credito, il data di scadenza della tua carta di credito, indirizzo di fatturazione e dati di spedizione.<\/p>\n\n\n\n<p>Si prega di leggere attentamente questi termini e condizioni prima di utilizzare il nostro servizio.<\/p>\n","protected":false},"excerpt":{"rendered":"<p>Si prega di leggere attentamente questi termini e condizioni prima di utilizzare il nostro servizio. Interpretazione e definizioni Interpretazione Le parole la cui lettera iniziale \u00e8 maiuscola hanno significati definiti alle seguenti condizioni. Le seguenti definizioni avranno lo stesso significato indipendentemente dal fatto che appaiano al singolare o al plurale. Definizioni Ai fini dei presenti [&hellip;]<\/p>\n","protected":false},"author":1,"featured_media":0,"parent":0,"menu_order":0,"comment_status":"closed","ping_status":"closed","template":"","meta":{"inline_featured_image":false,"footnotes":""},"class_list":["post-1988","page","type-page","status-publish","hentry"],"yoast_head":"<!-- This site is optimized with the Yoast SEO plugin v27.4 - https:\/\/yoast.com\/product\/yoast-seo-wordpress\/ -->\n<title>Termini e Condizioni | Le Petit Monde - Abano Terme<\/title>\n<meta name=\"robots\" content=\"index, follow, max-snippet:-1, max-image-preview:large, max-video-preview:-1\" \/>\n<link rel=\"canonical\" href=\"https:\/\/apartments.weorizon.com\/it\/termini-e-condizioni\/\" \/>\n<meta property=\"og:locale\" content=\"it_IT\" \/>\n<meta property=\"og:type\" content=\"article\" \/>\n<meta property=\"og:title\" content=\"Termini e Condizioni | Le Petit Monde - Abano Terme\" \/>\n<meta property=\"og:description\" content=\"Si prega di leggere attentamente questi termini e condizioni prima di utilizzare il nostro servizio. Interpretazione e definizioni Interpretazione Le parole la cui lettera iniziale \u00e8 maiuscola hanno significati definiti alle seguenti condizioni. Le seguenti definizioni avranno lo stesso significato indipendentemente dal fatto che appaiano al singolare o al plurale. Definizioni Ai fini dei presenti [&hellip;]\" \/>\n<meta property=\"og:url\" content=\"https:\/\/apartments.weorizon.com\/it\/termini-e-condizioni\/\" \/>\n<meta property=\"og:site_name\" content=\"Le Petit Monde - Abano Terme\" \/>\n<meta property=\"article:modified_time\" content=\"2022-06-03T14:53:40+00:00\" \/>\n<meta name=\"twitter:card\" content=\"summary_large_image\" \/>\n<meta name=\"twitter:label1\" content=\"Tempo di lettura stimato\" \/>\n\t<meta name=\"twitter:data1\" content=\"3 minuti\" \/>\n<script type=\"application\/ld+json\" class=\"yoast-schema-graph\">{\"@context\":\"https:\\\/\\\/schema.org\",\"@graph\":[{\"@type\":\"WebPage\",\"@id\":\"https:\\\/\\\/apartments.weorizon.com\\\/it\\\/termini-e-condizioni\\\/\",\"url\":\"https:\\\/\\\/apartments.weorizon.com\\\/it\\\/termini-e-condizioni\\\/\",\"name\":\"Termini e Condizioni | Le Petit Monde - Abano Terme\",\"isPartOf\":{\"@id\":\"https:\\\/\\\/apartments.weorizon.com\\\/it\\\/#website\"},\"datePublished\":\"2021-09-24T19:37:05+00:00\",\"dateModified\":\"2022-06-03T14:53:40+00:00\",\"breadcrumb\":{\"@id\":\"https:\\\/\\\/apartments.weorizon.com\\\/it\\\/termini-e-condizioni\\\/#breadcrumb\"},\"inLanguage\":\"it-IT\",\"potentialAction\":[{\"@type\":\"ReadAction\",\"target\":[\"https:\\\/\\\/apartments.weorizon.com\\\/it\\\/termini-e-condizioni\\\/\"]}]},{\"@type\":\"BreadcrumbList\",\"@id\":\"https:\\\/\\\/apartments.weorizon.com\\\/it\\\/termini-e-condizioni\\\/#breadcrumb\",\"itemListElement\":[{\"@type\":\"ListItem\",\"position\":1,\"name\":\"Home\",\"item\":\"https:\\\/\\\/apartments.weorizon.com\\\/it\\\/\"},{\"@type\":\"ListItem\",\"position\":2,\"name\":\"Termini e Condizioni\"}]},{\"@type\":\"WebSite\",\"@id\":\"https:\\\/\\\/apartments.weorizon.com\\\/it\\\/#website\",\"url\":\"https:\\\/\\\/apartments.weorizon.com\\\/it\\\/\",\"name\":\"Le Petit Monde - Abano Terme\",\"description\":\"Holiday home in Abano Terme (PD)\",\"publisher\":{\"@id\":\"https:\\\/\\\/apartments.weorizon.com\\\/it\\\/#organization\"},\"potentialAction\":[{\"@type\":\"SearchAction\",\"target\":{\"@type\":\"EntryPoint\",\"urlTemplate\":\"https:\\\/\\\/apartments.weorizon.com\\\/it\\\/?s={search_term_string}\"},\"query-input\":{\"@type\":\"PropertyValueSpecification\",\"valueRequired\":true,\"valueName\":\"search_term_string\"}}],\"inLanguage\":\"it-IT\"},{\"@type\":\"Organization\",\"@id\":\"https:\\\/\\\/apartments.weorizon.com\\\/it\\\/#organization\",\"name\":\"Le Petit Monde - Abano Terme\",\"url\":\"https:\\\/\\\/apartments.weorizon.com\\\/it\\\/\",\"logo\":{\"@type\":\"ImageObject\",\"inLanguage\":\"it-IT\",\"@id\":\"https:\\\/\\\/apartments.weorizon.com\\\/it\\\/#\\\/schema\\\/logo\\\/image\\\/\",\"url\":\"https:\\\/\\\/apartments.weorizon.com\\\/wp-content\\\/uploads\\\/2021\\\/02\\\/cropped-Le-Petit-Monde-removebg-preview-1.png\",\"contentUrl\":\"https:\\\/\\\/apartments.weorizon.com\\\/wp-content\\\/uploads\\\/2021\\\/02\\\/cropped-Le-Petit-Monde-removebg-preview-1.png\",\"width\":456,\"height\":456,\"caption\":\"Le Petit Monde - Abano Terme\"},\"image\":{\"@id\":\"https:\\\/\\\/apartments.weorizon.com\\\/it\\\/#\\\/schema\\\/logo\\\/image\\\/\"}}]}<\/script>\n<!-- \/ Yoast SEO plugin. -->","yoast_head_json":{"title":"Termini e Condizioni | Le Petit Monde - Abano Terme","robots":{"index":"index","follow":"follow","max-snippet":"max-snippet:-1","max-image-preview":"max-image-preview:large","max-video-preview":"max-video-preview:-1"},"canonical":"https:\/\/apartments.weorizon.com\/it\/termini-e-condizioni\/","og_locale":"it_IT","og_type":"article","og_title":"Termini e Condizioni | Le Petit Monde - Abano Terme","og_description":"Si prega di leggere attentamente questi termini e condizioni prima di utilizzare il nostro servizio. Interpretazione e definizioni Interpretazione Le parole la cui lettera iniziale \u00e8 maiuscola hanno significati definiti alle seguenti condizioni. Le seguenti definizioni avranno lo stesso significato indipendentemente dal fatto che appaiano al singolare o al plurale. Definizioni Ai fini dei presenti [&hellip;]","og_url":"https:\/\/apartments.weorizon.com\/it\/termini-e-condizioni\/","og_site_name":"Le Petit Monde - Abano Terme","article_modified_time":"2022-06-03T14:53:40+00:00","twitter_card":"summary_large_image","twitter_misc":{"Tempo di lettura stimato":"3 minuti"},"schema":{"@context":"https:\/\/schema.org","@graph":[{"@type":"WebPage","@id":"https:\/\/apartments.weorizon.com\/it\/termini-e-condizioni\/","url":"https:\/\/apartments.weorizon.com\/it\/termini-e-condizioni\/","name":"Termini e Condizioni | Le Petit Monde - Abano Terme","isPartOf":{"@id":"https:\/\/apartments.weorizon.com\/it\/#website"},"datePublished":"2021-09-24T19:37:05+00:00","dateModified":"2022-06-03T14:53:40+00:00","breadcrumb":{"@id":"https:\/\/apartments.weorizon.com\/it\/termini-e-condizioni\/#breadcrumb"},"inLanguage":"it-IT","potentialAction":[{"@type":"ReadAction","target":["https:\/\/apartments.weorizon.com\/it\/termini-e-condizioni\/"]}]},{"@type":"BreadcrumbList","@id":"https:\/\/apartments.weorizon.com\/it\/termini-e-condizioni\/#breadcrumb","itemListElement":[{"@type":"ListItem","position":1,"name":"Home","item":"https:\/\/apartments.weorizon.com\/it\/"},{"@type":"ListItem","position":2,"name":"Termini e Condizioni"}]},{"@type":"WebSite","@id":"https:\/\/apartments.weorizon.com\/it\/#website","url":"https:\/\/apartments.weorizon.com\/it\/","name":"Le Petit Monde - Abano Terme","description":"Holiday home in Abano Terme (PD)","publisher":{"@id":"https:\/\/apartments.weorizon.com\/it\/#organization"},"potentialAction":[{"@type":"SearchAction","target":{"@type":"EntryPoint","urlTemplate":"https:\/\/apartments.weorizon.com\/it\/?s={search_term_string}"},"query-input":{"@type":"PropertyValueSpecification","valueRequired":true,"valueName":"search_term_string"}}],"inLanguage":"it-IT"},{"@type":"Organization","@id":"https:\/\/apartments.weorizon.com\/it\/#organization","name":"Le Petit Monde - Abano Terme","url":"https:\/\/apartments.weorizon.com\/it\/","logo":{"@type":"ImageObject","inLanguage":"it-IT","@id":"https:\/\/apartments.weorizon.com\/it\/#\/schema\/logo\/image\/","url":"https:\/\/apartments.weorizon.com\/wp-content\/uploads\/2021\/02\/cropped-Le-Petit-Monde-removebg-preview-1.png","contentUrl":"https:\/\/apartments.weorizon.com\/wp-content\/uploads\/2021\/02\/cropped-Le-Petit-Monde-removebg-preview-1.png","width":456,"height":456,"caption":"Le Petit Monde - Abano Terme"},"image":{"@id":"https:\/\/apartments.weorizon.com\/it\/#\/schema\/logo\/image\/"}}]}},"_links":{"self":[{"href":"https:\/\/apartments.weorizon.com\/it\/wp-json\/wp\/v2\/pages\/1988","targetHints":{"allow":["GET"]}}],"collection":[{"href":"https:\/\/apartments.weorizon.com\/it\/wp-json\/wp\/v2\/pages"}],"about":[{"href":"https:\/\/apartments.weorizon.com\/it\/wp-json\/wp\/v2\/types\/page"}],"author":[{"embeddable":true,"href":"https:\/\/apartments.weorizon.com\/it\/wp-json\/wp\/v2\/users\/1"}],"replies":[{"embeddable":true,"href":"https:\/\/apartments.weorizon.com\/it\/wp-json\/wp\/v2\/comments?post=1988"}],"version-history":[{"count":2,"href":"https:\/\/apartments.weorizon.com\/it\/wp-json\/wp\/v2\/pages\/1988\/revisions"}],"predecessor-version":[{"id":2456,"href":"https:\/\/apartments.weorizon.com\/it\/wp-json\/wp\/v2\/pages\/1988\/revisions\/2456"}],"wp:attachment":[{"href":"https:\/\/apartments.weorizon.com\/it\/wp-json\/wp\/v2\/media?parent=1988"}],"curies":[{"name":"wp","href":"https:\/\/api.w.org\/{rel}","templated":true}]}}